{"id":579,"date":"2022-10-25T01:10:44","date_gmt":"2022-10-25T01:10:44","guid":{"rendered":"https:\/\/mexicanquest.mx\/blog\/"},"modified":"2022-12-02T04:38:05","modified_gmt":"2022-12-02T04:38:05","slug":"blog","status":"publish","type":"page","link":"https:\/\/mexicanquest.mx\/en\/blog\/","title":{"rendered":"Blog"},"content":{"rendered":"\t\t<div data-elementor-type=\"wp-page\" data-elementor-id=\"579\" class=\"elementor elementor-579 elementor-81\" data-elementor-post-type=\"page\">\n\t\t\t\t\t\t<section class=\"elementor-section elementor-top-section elementor-element elementor-element-b1e1467 elementor-section-height-min-height elementor-hidden-mobile elementor-section-boxed elementor-section-height-default elementor-section-items-middle\" data-id=\"b1e1467\" data-element_type=\"section\" data-settings=\"{&quot;jet_parallax_layout_list&quot;:[],&quot;background_background&quot;:&quot;classic&quot;}\">\n\t\t\t\t\t\t<div class=\"elementor-container elementor-column-gap-default\">\n\t\t\t\t\t<div class=\"elementor-column elementor-col-33 elementor-top-column elementor-element elementor-element-f4ba84b\" data-id=\"f4ba84b\" data-element_type=\"column\">\n\t\t\t<div class=\"elementor-widget-wrap elementor-element-populated\">\n\t\t\t\t\t\t<div class=\"elementor-element elementor-element-b3406e2 elementor-widget elementor-widget-heading\" data-id=\"b3406e2\" data-element_type=\"widget\" data-widget_type=\"heading.default\">\n\t\t\t\t<div class=\"elementor-widget-container\">\n\t\t\t<style>\/*! elementor - v3.23.0 - 05-08-2024 *\/\n.elementor-heading-title{padding:0;margin:0;line-height:1}.elementor-widget-heading .elementor-heading-title[class*=elementor-size-]>a{color:inherit;font-size:inherit;line-height:inherit}.elementor-widget-heading .elementor-heading-title.elementor-size-small{font-size:15px}.elementor-widget-heading .elementor-heading-title.elementor-size-medium{font-size:19px}.elementor-widget-heading .elementor-heading-title.elementor-size-large{font-size:29px}.elementor-widget-heading .elementor-heading-title.elementor-size-xl{font-size:39px}.elementor-widget-heading .elementor-heading-title.elementor-size-xxl{font-size:59px}<\/style><h2 class=\"elementor-heading-title elementor-size-default\">Blog<\/h2>\t\t<\/div>\n\t\t\t\t<\/div>\n\t\t\t\t\t<\/div>\n\t\t<\/div>\n\t\t\t\t<div class=\"elementor-column elementor-col-33 elementor-top-column elementor-element elementor-element-fd3953b\" data-id=\"fd3953b\" data-element_type=\"column\">\n\t\t\t<div class=\"elementor-widget-wrap elementor-element-populated\">\n\t\t\t\t\t\t<div class=\"elementor-element elementor-element-3b46f47 elementor-widget elementor-widget-image\" data-id=\"3b46f47\" data-element_type=\"widget\" data-widget_type=\"image.default\">\n\t\t\t\t<div class=\"elementor-widget-container\">\n\t\t\t<style>\/*! elementor - v3.23.0 - 05-08-2024 *\/\n.elementor-widget-image{text-align:center}.elementor-widget-image a{display:inline-block}.elementor-widget-image a img[src$=\".svg\"]{width:48px}.elementor-widget-image img{vertical-align:middle;display:inline-block}<\/style>\t\t\t\t\t\t\t\t\t\t<img decoding=\"async\" width=\"800\" height=\"987\" src=\"https:\/\/mexicanquest.mx\/wp-content\/uploads\/2022\/12\/blog-mexican-quest-n1-830x1024.jpg\" class=\"attachment-large size-large wp-image-946\" alt=\"\" srcset=\"https:\/\/mexicanquest.mx\/wp-content\/uploads\/2022\/12\/blog-mexican-quest-n1-830x1024.jpg 830w, https:\/\/mexicanquest.mx\/wp-content\/uploads\/2022\/12\/blog-mexican-quest-n1-243x300.jpg 243w, https:\/\/mexicanquest.mx\/wp-content\/uploads\/2022\/12\/blog-mexican-quest-n1-768x948.jpg 768w, https:\/\/mexicanquest.mx\/wp-content\/uploads\/2022\/12\/blog-mexican-quest-n1-1245x1536.jpg 1245w, https:\/\/mexicanquest.mx\/wp-content\/uploads\/2022\/12\/blog-mexican-quest-n1-1659x2048.jpg 1659w\" sizes=\"(max-width: 800px) 100vw, 800px\" \/>\t\t\t\t\t\t\t\t\t\t\t\t\t<\/div>\n\t\t\t\t<\/div>\n\t\t\t\t\t<\/div>\n\t\t<\/div>\n\t\t\t\t<div class=\"elementor-column elementor-col-33 elementor-top-column elementor-element elementor-element-e4f3a24\" data-id=\"e4f3a24\" data-element_type=\"column\">\n\t\t\t<div class=\"elementor-widget-wrap elementor-element-populated\">\n\t\t\t\t\t\t<div class=\"elementor-element elementor-element-628edb7 elementor-widget elementor-widget-image\" data-id=\"628edb7\" data-element_type=\"widget\" data-widget_type=\"image.default\">\n\t\t\t\t<div class=\"elementor-widget-container\">\n\t\t\t\t\t\t\t\t\t\t\t\t\t<img loading=\"lazy\" decoding=\"async\" width=\"800\" height=\"1000\" src=\"https:\/\/mexicanquest.mx\/wp-content\/uploads\/2022\/12\/blog-mexican-quest-n2-819x1024.jpg\" class=\"attachment-large size-large wp-image-952\" alt=\"\" srcset=\"https:\/\/mexicanquest.mx\/wp-content\/uploads\/2022\/12\/blog-mexican-quest-n2-819x1024.jpg 819w, https:\/\/mexicanquest.mx\/wp-content\/uploads\/2022\/12\/blog-mexican-quest-n2-240x300.jpg 240w, https:\/\/mexicanquest.mx\/wp-content\/uploads\/2022\/12\/blog-mexican-quest-n2-768x961.jpg 768w, https:\/\/mexicanquest.mx\/wp-content\/uploads\/2022\/12\/blog-mexican-quest-n2-1228x1536.jpg 1228w, https:\/\/mexicanquest.mx\/wp-content\/uploads\/2022\/12\/blog-mexican-quest-n2-1637x2048.jpg 1637w, https:\/\/mexicanquest.mx\/wp-content\/uploads\/2022\/12\/blog-mexican-quest-n2-scaled.jpg 2047w\" sizes=\"(max-width: 800px) 100vw, 800px\" \/>\t\t\t\t\t\t\t\t\t\t\t\t\t<\/div>\n\t\t\t\t<\/div>\n\t\t\t\t\t<\/div>\n\t\t<\/div>\n\t\t\t\t\t<\/div>\n\t\t<\/section>\n\t\t\t\t<section class=\"elementor-section elementor-top-section elementor-element elementor-element-7d39918 elementor-section-height-min-height elementor-hidden-desktop elementor-hidden-tablet elementor-section-boxed elementor-section-height-default elementor-section-items-middle\" data-id=\"7d39918\" data-element_type=\"section\" data-settings=\"{&quot;jet_parallax_layout_list&quot;:[],&quot;background_background&quot;:&quot;classic&quot;}\">\n\t\t\t\t\t\t<div class=\"elementor-container elementor-column-gap-default\">\n\t\t\t\t\t<div class=\"elementor-column elementor-col-100 elementor-top-column elementor-element elementor-element-ef5a78c\" data-id=\"ef5a78c\" data-element_type=\"column\">\n\t\t\t<div class=\"elementor-widget-wrap elementor-element-populated\">\n\t\t\t\t\t\t<div class=\"elementor-element elementor-element-5bc8739 elementor-widget elementor-widget-heading\" data-id=\"5bc8739\" data-element_type=\"widget\" data-widget_type=\"heading.default\">\n\t\t\t\t<div class=\"elementor-widget-container\">\n\t\t\t<h2 class=\"elementor-heading-title elementor-size-default\">Blog<\/h2>\t\t<\/div>\n\t\t\t\t<\/div>\n\t\t\t\t<section class=\"elementor-section elementor-inner-section elementor-element elementor-element-55c839c elementor-section-boxed elementor-section-height-default elementor-section-height-default\" data-id=\"55c839c\" data-element_type=\"section\" data-settings=\"{&quot;jet_parallax_layout_list&quot;:[]}\">\n\t\t\t\t\t\t<div class=\"elementor-container elementor-column-gap-default\">\n\t\t\t\t\t<div class=\"elementor-column elementor-col-50 elementor-inner-column elementor-element elementor-element-2974604\" data-id=\"2974604\" data-element_type=\"column\">\n\t\t\t<div class=\"elementor-widget-wrap elementor-element-populated\">\n\t\t\t\t\t\t<div class=\"elementor-element elementor-element-734e981 elementor-widget elementor-widget-image\" data-id=\"734e981\" data-element_type=\"widget\" data-widget_type=\"image.default\">\n\t\t\t\t<div class=\"elementor-widget-container\">\n\t\t\t\t\t\t\t\t\t\t\t\t\t<img decoding=\"async\" width=\"800\" height=\"987\" src=\"https:\/\/mexicanquest.mx\/wp-content\/uploads\/2022\/12\/blog-mexican-quest-n1-830x1024.jpg\" class=\"attachment-large size-large wp-image-946\" alt=\"\" srcset=\"https:\/\/mexicanquest.mx\/wp-content\/uploads\/2022\/12\/blog-mexican-quest-n1-830x1024.jpg 830w, https:\/\/mexicanquest.mx\/wp-content\/uploads\/2022\/12\/blog-mexican-quest-n1-243x300.jpg 243w, https:\/\/mexicanquest.mx\/wp-content\/uploads\/2022\/12\/blog-mexican-quest-n1-768x948.jpg 768w, https:\/\/mexicanquest.mx\/wp-content\/uploads\/2022\/12\/blog-mexican-quest-n1-1245x1536.jpg 1245w, https:\/\/mexicanquest.mx\/wp-content\/uploads\/2022\/12\/blog-mexican-quest-n1-1659x2048.jpg 1659w\" sizes=\"(max-width: 800px) 100vw, 800px\" \/>\t\t\t\t\t\t\t\t\t\t\t\t\t<\/div>\n\t\t\t\t<\/div>\n\t\t\t\t\t<\/div>\n\t\t<\/div>\n\t\t\t\t<div class=\"elementor-column elementor-col-50 elementor-inner-column elementor-element elementor-element-03cf80b\" data-id=\"03cf80b\" data-element_type=\"column\">\n\t\t\t<div class=\"elementor-widget-wrap elementor-element-populated\">\n\t\t\t\t\t\t<div class=\"elementor-element elementor-element-925541c elementor-widget elementor-widget-image\" data-id=\"925541c\" data-element_type=\"widget\" data-widget_type=\"image.default\">\n\t\t\t\t<div class=\"elementor-widget-container\">\n\t\t\t\t\t\t\t\t\t\t\t\t\t<img loading=\"lazy\" decoding=\"async\" width=\"800\" height=\"1000\" src=\"https:\/\/mexicanquest.mx\/wp-content\/uploads\/2022\/12\/blog-mexican-quest-n2-819x1024.jpg\" class=\"attachment-large size-large wp-image-952\" alt=\"\" srcset=\"https:\/\/mexicanquest.mx\/wp-content\/uploads\/2022\/12\/blog-mexican-quest-n2-819x1024.jpg 819w, https:\/\/mexicanquest.mx\/wp-content\/uploads\/2022\/12\/blog-mexican-quest-n2-240x300.jpg 240w, https:\/\/mexicanquest.mx\/wp-content\/uploads\/2022\/12\/blog-mexican-quest-n2-768x961.jpg 768w, https:\/\/mexicanquest.mx\/wp-content\/uploads\/2022\/12\/blog-mexican-quest-n2-1228x1536.jpg 1228w, https:\/\/mexicanquest.mx\/wp-content\/uploads\/2022\/12\/blog-mexican-quest-n2-1637x2048.jpg 1637w, https:\/\/mexicanquest.mx\/wp-content\/uploads\/2022\/12\/blog-mexican-quest-n2-scaled.jpg 2047w\" sizes=\"(max-width: 800px) 100vw, 800px\" \/>\t\t\t\t\t\t\t\t\t\t\t\t\t<\/div>\n\t\t\t\t<\/div>\n\t\t\t\t\t<\/div>\n\t\t<\/div>\n\t\t\t\t\t<\/div>\n\t\t<\/section>\n\t\t\t\t\t<\/div>\n\t\t<\/div>\n\t\t\t\t\t<\/div>\n\t\t<\/section>\n\t\t\t\t<section class=\"elementor-section elementor-top-section elementor-element elementor-element-c28ed11 elementor-section-boxed elementor-section-height-default elementor-section-height-default\" data-id=\"c28ed11\" data-element_type=\"section\" data-settings=\"{&quot;jet_parallax_layout_list&quot;:[],&quot;background_background&quot;:&quot;classic&quot;}\">\n\t\t\t\t\t\t<div class=\"elementor-container elementor-column-gap-default\">\n\t\t\t\t\t<div class=\"elementor-column elementor-col-100 elementor-top-column elementor-element elementor-element-e277cba\" data-id=\"e277cba\" data-element_type=\"column\">\n\t\t\t<div class=\"elementor-widget-wrap elementor-element-populated\">\n\t\t\t\t\t\t<div class=\"elementor-element elementor-element-656ed4a elementor-widget elementor-widget-heading\" data-id=\"656ed4a\" data-element_type=\"widget\" data-widget_type=\"heading.default\">\n\t\t\t\t<div class=\"elementor-widget-container\">\n\t\t\t<h2 class=\"elementor-heading-title elementor-size-default\">Most recent<\/h2>\t\t<\/div>\n\t\t\t\t<\/div>\n\t\t\t\t<div class=\"elementor-element elementor-element-61fd5e0 elementor-widget elementor-widget-jet-posts\" data-id=\"61fd5e0\" data-element_type=\"widget\" data-settings=\"{&quot;columns_mobile&quot;:&quot;1&quot;,&quot;columns&quot;:3,&quot;slides_to_scroll&quot;:&quot;1&quot;}\" data-widget_type=\"jet-posts.default\">\n\t\t\t\t<div class=\"elementor-widget-container\">\n\t\t\t<div class=\"elementor-jet-posts jet-elements\"><div class=\"jet-posts col-row \"><div class=\"jet-posts__item\">\n\t<div class=\"jet-posts__inner-box\"><div class=\"jet-posts__inner-content\"><h4 class=\"entry-title\"><a href=\"https:\/\/mexicanquest.mx\/en\/2023\/10\/mexico-on-the-radar-why-is-it-such-an-attractive-destination-for-latin-american-companies\/\" target=\"\">Mexico on the radar: Why is it such an attractive destination for Latin American companies?<\/a><\/h4><div class=\"post-meta\"><span class=\"post__date post-meta__item\"><a href=\"https:\/\/mexicanquest.mx\/en\/2023\/10\/16\/\"  class=\"post__date-link\" ><time datetime=\"2023-10-16T22:42:01+00:00\" title=\"2023-10-16T22:42:01+00:00\">October 16, 2023<\/time><\/a><\/span><\/div><div class=\"entry-excerpt\">Mexico, an ever-growing market, has&hellip;<\/div><div class=\"jet-more-wrap\"><a href=\"https:\/\/mexicanquest.mx\/en\/2023\/10\/mexico-on-the-radar-why-is-it-such-an-attractive-destination-for-latin-american-companies\/\" class=\"btn btn-primary elementor-button elementor-size-md jet-more\" target=\"\"><span class=\"btn__text\">LEER M\u00c1S \u00bb<\/span><\/a><\/div><\/div><\/div>\n<\/div>\n<div class=\"jet-posts__item\">\n\t<div class=\"jet-posts__inner-box\"><div class=\"post-thumbnail\"><a href=\"https:\/\/mexicanquest.mx\/en\/2023\/06\/clusters-and-their-impact-on-regional-development-as-an-associative-model\/\" class=\"post-thumbnail__link\"><img loading=\"lazy\" decoding=\"async\" class=\"post-thumbnail__img wp-post-image\" src=\"https:\/\/mexicanquest.mx\/wp-content\/uploads\/2023\/06\/43664124_xxl-scaled.jpg\" alt=\"Clusters and their impact on regional development as an associative model.\" loading=\"lazy\" width=\"2560\" height=\"1846\"><\/a><\/div><div class=\"jet-posts__inner-content\"><h4 class=\"entry-title\"><a href=\"https:\/\/mexicanquest.mx\/en\/2023\/06\/clusters-and-their-impact-on-regional-development-as-an-associative-model\/\" target=\"\">Clusters and their impact on regional development as an associative model.<\/a><\/h4><div class=\"post-meta\"><span class=\"post__date post-meta__item\"><a href=\"https:\/\/mexicanquest.mx\/en\/2023\/06\/22\/\"  class=\"post__date-link\" ><time datetime=\"2023-06-22T20:05:42+00:00\" title=\"2023-06-22T20:05:42+00:00\">June 22, 2023<\/time><\/a><\/span><\/div><div class=\"entry-excerpt\">Business Meeting Sun Professional Strategy&hellip;<\/div><div class=\"jet-more-wrap\"><a href=\"https:\/\/mexicanquest.mx\/en\/2023\/06\/clusters-and-their-impact-on-regional-development-as-an-associative-model\/\" class=\"btn btn-primary elementor-button elementor-size-md jet-more\" target=\"\"><span class=\"btn__text\">LEER M\u00c1S \u00bb<\/span><\/a><\/div><\/div><\/div>\n<\/div>\n<div class=\"jet-posts__item\">\n\t<div class=\"jet-posts__inner-box\"><div class=\"jet-posts__inner-content\"><h4 class=\"entry-title\"><a href=\"https:\/\/mexicanquest.mx\/en\/2022\/11\/mexico-investment-destination-and-new-opportunities\/\" target=\"\">Mexico: investment destination and new opportunities<\/a><\/h4><div class=\"post-meta\"><span class=\"post__date post-meta__item\"><a href=\"https:\/\/mexicanquest.mx\/en\/2022\/11\/17\/\"  class=\"post__date-link\" ><time datetime=\"2022-11-17T10:31:10+00:00\" title=\"2022-11-17T10:31:10+00:00\">November 17, 2022<\/time><\/a><\/span><\/div><div class=\"entry-excerpt\">In addition to its geostrategic&hellip;<\/div><div class=\"jet-more-wrap\"><a href=\"https:\/\/mexicanquest.mx\/en\/2022\/11\/mexico-investment-destination-and-new-opportunities\/\" class=\"btn btn-primary elementor-button elementor-size-md jet-more\" target=\"\"><span class=\"btn__text\">LEER M\u00c1S \u00bb<\/span><\/a><\/div><\/div><\/div>\n<\/div>\n<\/div>\n<\/div>\t\t<\/div>\n\t\t\t\t<\/div>\n\t\t\t\t<div class=\"elementor-element elementor-element-c2c2000 elementor-widget elementor-widget-heading\" data-id=\"c2c2000\" data-element_type=\"widget\" data-widget_type=\"heading.default\">\n\t\t\t\t<div class=\"elementor-widget-container\">\n\t\t\t<h2 class=\"elementor-heading-title elementor-size-default\">All publications<\/h2>\t\t<\/div>\n\t\t\t\t<\/div>\n\t\t\t\t<div class=\"elementor-element elementor-element-24f3a6c elementor-widget elementor-widget-jet-posts\" data-id=\"24f3a6c\" data-element_type=\"widget\" data-settings=\"{&quot;columns_mobile&quot;:&quot;1&quot;,&quot;columns&quot;:3,&quot;slides_to_scroll&quot;:&quot;1&quot;}\" data-widget_type=\"jet-posts.default\">\n\t\t\t\t<div class=\"elementor-widget-container\">\n\t\t\t<div class=\"elementor-jet-posts jet-elements\"><div class=\"jet-posts col-row \"><div class=\"jet-posts__item\">\n\t<div class=\"jet-posts__inner-box\"><div class=\"jet-posts__inner-content\"><h4 class=\"entry-title\"><a href=\"https:\/\/mexicanquest.mx\/en\/2023\/10\/mexico-on-the-radar-why-is-it-such-an-attractive-destination-for-latin-american-companies\/\" target=\"\">Mexico on the radar: Why is it such an attractive destination for Latin American companies?<\/a><\/h4><div class=\"post-meta\"><span class=\"post__date post-meta__item\"><a href=\"https:\/\/mexicanquest.mx\/en\/2023\/10\/16\/\"  class=\"post__date-link\" ><time datetime=\"2023-10-16T22:42:01+00:00\" title=\"2023-10-16T22:42:01+00:00\">October 16, 2023<\/time><\/a><\/span><\/div><div class=\"entry-excerpt\">Mexico, an ever-growing market, has&hellip;<\/div><div class=\"jet-more-wrap\"><a href=\"https:\/\/mexicanquest.mx\/en\/2023\/10\/mexico-on-the-radar-why-is-it-such-an-attractive-destination-for-latin-american-companies\/\" class=\"btn btn-primary elementor-button elementor-size-md jet-more\" target=\"\"><span class=\"btn__text\">LEER M\u00c1S \u00bb<\/span><\/a><\/div><\/div><\/div>\n<\/div>\n<div class=\"jet-posts__item\">\n\t<div class=\"jet-posts__inner-box\"><div class=\"post-thumbnail\"><a href=\"https:\/\/mexicanquest.mx\/en\/2023\/06\/clusters-and-their-impact-on-regional-development-as-an-associative-model\/\" class=\"post-thumbnail__link\"><img loading=\"lazy\" decoding=\"async\" class=\"post-thumbnail__img wp-post-image\" src=\"https:\/\/mexicanquest.mx\/wp-content\/uploads\/2023\/06\/43664124_xxl-scaled.jpg\" alt=\"Clusters and their impact on regional development as an associative model.\" loading=\"lazy\" width=\"2560\" height=\"1846\"><\/a><\/div><div class=\"jet-posts__inner-content\"><h4 class=\"entry-title\"><a href=\"https:\/\/mexicanquest.mx\/en\/2023\/06\/clusters-and-their-impact-on-regional-development-as-an-associative-model\/\" target=\"\">Clusters and their impact on regional development as an associative model.<\/a><\/h4><div class=\"post-meta\"><span class=\"post__date post-meta__item\"><a href=\"https:\/\/mexicanquest.mx\/en\/2023\/06\/22\/\"  class=\"post__date-link\" ><time datetime=\"2023-06-22T20:05:42+00:00\" title=\"2023-06-22T20:05:42+00:00\">June 22, 2023<\/time><\/a><\/span><\/div><div class=\"entry-excerpt\">Business Meeting Sun Professional Strategy&hellip;<\/div><div class=\"jet-more-wrap\"><a href=\"https:\/\/mexicanquest.mx\/en\/2023\/06\/clusters-and-their-impact-on-regional-development-as-an-associative-model\/\" class=\"btn btn-primary elementor-button elementor-size-md jet-more\" target=\"\"><span class=\"btn__text\">LEER M\u00c1S \u00bb<\/span><\/a><\/div><\/div><\/div>\n<\/div>\n<div class=\"jet-posts__item\">\n\t<div class=\"jet-posts__inner-box\"><div class=\"post-thumbnail\"><a href=\"https:\/\/mexicanquest.mx\/en\/2022\/10\/entry-2\/\" class=\"post-thumbnail__link\"><img loading=\"lazy\" decoding=\"async\" class=\"post-thumbnail__img wp-post-image\" src=\"https:\/\/mexicanquest.mx\/wp-content\/uploads\/2022\/10\/entrada2-scaled.jpg\" alt=\"&lt;strong&gt;Talent: the intellectual muscle for Mexico&#039;s future.&lt;\/strong&gt;\" loading=\"lazy\" width=\"2560\" height=\"1707\"><\/a><\/div><div class=\"jet-posts__inner-content\"><h4 class=\"entry-title\"><a href=\"https:\/\/mexicanquest.mx\/en\/2022\/10\/entry-2\/\" target=\"\"><strong>Talent: the intellectual muscle for Mexico's future.<\/strong><\/a><\/h4><div class=\"post-meta\"><span class=\"post__date post-meta__item\"><a href=\"https:\/\/mexicanquest.mx\/en\/2022\/10\/25\/\"  class=\"post__date-link\" ><time datetime=\"2022-10-25T01:23:37+00:00\" title=\"2022-10-25T01:23:37+00:00\">October 25, 2022<\/time><\/a><\/span><\/div><div class=\"entry-excerpt\">Over the last 50 years,&hellip;<\/div><div class=\"jet-more-wrap\"><a href=\"https:\/\/mexicanquest.mx\/en\/2022\/10\/entry-2\/\" class=\"btn btn-primary elementor-button elementor-size-md jet-more\" target=\"\"><span class=\"btn__text\">LEER M\u00c1S \u00bb<\/span><\/a><\/div><\/div><\/div>\n<\/div>\n<\/div>\n<\/div>\t\t<\/div>\n\t\t\t\t<\/div>\n\t\t\t\t\t<\/div>\n\t\t<\/div>\n\t\t\t\t\t<\/div>\n\t\t<\/section>\n\t\t\t\t<\/div>\n\t\t","protected":false},"excerpt":{"rendered":"<p>Blog Blog Most recent M\u00e9xico: destino de inversiones y nuevas oportunidades noviembre 17, 2022Adem\u00e1s de tener una ubicaci\u00f3n&hellip;LEER M\u00c1S \u00bb Entrada 2 octubre 25, 2022LEER M\u00c1S \u00bb Entrada 1 octubre 25, 2022LEER M\u00c1S \u00bb All publications M\u00e9xico: destino de inversiones y nuevas oportunidades noviembre 17, 2022Adem\u00e1s de tener una ubicaci\u00f3n&hellip;LEER M\u00c1S \u00bb Entrada 2 octubre [&hellip;]<\/p>\n","protected":false},"author":1,"featured_media":0,"parent":0,"menu_order":0,"comment_status":"closed","ping_status":"closed","template":"elementor_header_footer","meta":{"_joinchat":[],"footnotes":""},"class_list":["post-579","page","type-page","status-publish","hentry"],"_links":{"self":[{"href":"https:\/\/mexicanquest.mx\/en\/wp-json\/wp\/v2\/pages\/579"}],"collection":[{"href":"https:\/\/mexicanquest.mx\/en\/wp-json\/wp\/v2\/pages"}],"about":[{"href":"https:\/\/mexicanquest.mx\/en\/wp-json\/wp\/v2\/types\/page"}],"author":[{"embeddable":true,"href":"https:\/\/mexicanquest.mx\/en\/wp-json\/wp\/v2\/users\/1"}],"replies":[{"embeddable":true,"href":"https:\/\/mexicanquest.mx\/en\/wp-json\/wp\/v2\/comments?post=579"}],"version-history":[{"count":8,"href":"https:\/\/mexicanquest.mx\/en\/wp-json\/wp\/v2\/pages\/579\/revisions"}],"predecessor-version":[{"id":1077,"href":"https:\/\/mexicanquest.mx\/en\/wp-json\/wp\/v2\/pages\/579\/revisions\/1077"}],"wp:attachment":[{"href":"https:\/\/mexicanquest.mx\/en\/wp-json\/wp\/v2\/media?parent=579"}],"curies":[{"name":"wp","href":"https:\/\/api.w.org\/{rel}","templated":true}]}}